{"id":28,"date":"2024-10-18T17:15:42","date_gmt":"2024-10-18T15:15:42","guid":{"rendered":"https:\/\/www.strafrecht-und-kriminologie.de\/?page_id=28"},"modified":"2025-01-19T14:25:59","modified_gmt":"2025-01-19T13:25:59","slug":"impressum","status":"publish","type":"page","link":"https:\/\/www.strafrecht-und-kriminologie.de\/?page_id=28","title":{"rendered":"Impressum"},"content":{"rendered":"\n<p><br>Prof. Dr. Henning Ernst M\u00fcller<br>Universit\u00e4t Regensburg<br>Fakult\u00e4t f\u00fcr Rechtswissenschaft <br>Universit\u00e4tsstra\u00dfe 31<br>93053 Regensburg<\/p>\n\n\n\n<p>Kontakt<br>Telefon: +49 (0) 941 9432619<br>Telefax: +49 (0) 941 9434409<br>E-Mail: henning.mueller@ur,de<\/p>\n\n\n\n<p>Bluesky: @ermu.bsky.social<br><\/p>\n\n\n\n<p>Dieser Blog ist ein pers\u00f6nliches Angebot, keines der Universit\u00e4t Regensburg<br>Redaktionell verantwortlich<br>Henning Ernst M\u00fcller<br>Adresse wie oben<\/p>\n","protected":false},"excerpt":{"rendered":"<p>Prof. Dr. Henning Ernst M\u00fcllerUniversit\u00e4t RegensburgFakult\u00e4t f\u00fcr Rechtswissenschaft Universit\u00e4tsstra\u00dfe 3193053 Regensburg KontaktTelefon: +49 (0) 941 9432619Telefax: +49 (0) 941 9434409E-Mail: henning.mueller@ur,de Bluesky: @ermu.bsky.social Dieser Blog ist ein pers\u00f6nliches Angebot, keines der Universit\u00e4t RegensburgRedaktionell verantwortlichHenning Ernst M\u00fcllerAdresse wie oben<\/p>\n","protected":false},"author":1,"featured_media":0,"parent":0,"menu_order":0,"comment_status":"closed","ping_status":"closed","template":"","meta":{"advanced_seo_description":"","jetpack_seo_html_title":"","jetpack_seo_noindex":false,"footnotes":""},"class_list":["post-28","page","type-page","status-publish","hentry"],"jetpack_sharing_enabled":true,"_links":{"self":[{"href":"https:\/\/www.strafrecht-und-kriminologie.de\/index.php?rest_route=\/wp\/v2\/pages\/28","targetHints":{"allow":["GET"]}}],"collection":[{"href":"https:\/\/www.strafrecht-und-kriminologie.de\/index.php?rest_route=\/wp\/v2\/pages"}],"about":[{"href":"https:\/\/www.strafrecht-und-kriminologie.de\/index.php?rest_route=\/wp\/v2\/types\/page"}],"author":[{"embeddable":true,"href":"https:\/\/www.strafrecht-und-kriminologie.de\/index.php?rest_route=\/wp\/v2\/users\/1"}],"replies":[{"embeddable":true,"href":"https:\/\/www.strafrecht-und-kriminologie.de\/index.php?rest_route=%2Fwp%2Fv2%2Fcomments&post=28"}],"version-history":[{"count":6,"href":"https:\/\/www.strafrecht-und-kriminologie.de\/index.php?rest_route=\/wp\/v2\/pages\/28\/revisions"}],"predecessor-version":[{"id":215,"href":"https:\/\/www.strafrecht-und-kriminologie.de\/index.php?rest_route=\/wp\/v2\/pages\/28\/revisions\/215"}],"wp:attachment":[{"href":"https:\/\/www.strafrecht-und-kriminologie.de\/index.php?rest_route=%2Fwp%2Fv2%2Fmedia&parent=28"}],"curies":[{"name":"wp","href":"https:\/\/api.w.org\/{rel}","templated":true}]}}